{"id":10839,"date":"2024-03-15T16:28:42","date_gmt":"2024-03-15T19:28:42","guid":{"rendered":"https:\/\/trigato.com.br\/?page_id=10839"},"modified":"2024-03-22T16:30:47","modified_gmt":"2024-03-22T19:30:47","slug":"contato","status":"publish","type":"page","link":"https:\/\/trigato.com.br\/en\/contato\/","title":{"rendered":"Get in touch"},"content":{"rendered":"<div data-elementor-type=\"wp-page\" data-elementor-id=\"10839\" class=\"elementor elementor-10839\">\n\t\t\t\t\t\t<section class=\"elementor-section elementor-top-section elementor-element elementor-element-2af292c elementor-section-stretched elementor-hidden-mobile elementor-section-boxed elementor-section-height-default elementor-section-height-default\" data-id=\"2af292c\" data-element_type=\"section\" data-settings=\"{&quot;stretch_section&quot;:&quot;section-stretched&quot;,&quot;background_background&quot;:&quot;classic&quot;}\">\n\t\t\t\t\t\t<div class=\"elementor-container elementor-column-gap-default\">\n\t\t\t\t\t<div class=\"elementor-column elementor-col-50 elementor-top-column elementor-element elementor-element-1dfe507\" data-id=\"1dfe507\" data-element_type=\"column\">\n\t\t\t<div class=\"elementor-widget-wrap elementor-element-populated\">\n\t\t\t\t\t\t<div class=\"elementor-element elementor-element-4e5374f elementor-widget elementor-widget-mt-spacer\" data-id=\"4e5374f\" data-element_type=\"widget\" data-widget_type=\"mt-spacer.default\">\n\t\t\t\t<div class=\"elementor-widget-container\">\n\t\t\t    <div class=\"mt-addons-flexible-spacer\">\n      <div class=\"mt-addons-empty-spacer-desktop\" style=\"height: 30px;\"><\/div>\n      <div class=\"mt-addons-empty-spacer-mobile\" style=\"height: 20px;\"><\/div>\n      <div class=\"mt-addons-empty-spacer-tablet\" style=\"height: 18px;\"><\/div>\n    <\/div>\n   \n    \t\t<\/div>\n\t\t\t\t<\/div>\n\t\t\t\t<div class=\"elementor-element elementor-element-23335ce elementor-widget elementor-widget-heading\" data-id=\"23335ce\" data-element_type=\"widget\" data-widget_type=\"heading.default\">\n\t\t\t\t<div class=\"elementor-widget-container\">\n\t\t\t<style>\/*! elementor - v3.22.0 - 26-06-2024 *\/\n.elementor-heading-title{padding:0;margin:0;line-height:1}.elementor-widget-heading .elementor-heading-title[class*=elementor-size-]>a{color:inherit;font-size:inherit;line-height:inherit}.elementor-widget-heading .elementor-heading-title.elementor-size-small{font-size:15px}.elementor-widget-heading .elementor-heading-title.elementor-size-medium{font-size:19px}.elementor-widget-heading .elementor-heading-title.elementor-size-large{font-size:29px}.elementor-widget-heading .elementor-heading-title.elementor-size-xl{font-size:39px}.elementor-widget-heading .elementor-heading-title.elementor-size-xxl{font-size:59px}<\/style><h2 class=\"elementor-heading-title elementor-size-default\">Get in touch with us!<\/h2>\t\t<\/div>\n\t\t\t\t<\/div>\n\t\t\t\t<div class=\"elementor-element elementor-element-a894a38 elementor-widget elementor-widget-heading\" data-id=\"a894a38\" data-element_type=\"widget\" data-widget_type=\"heading.default\">\n\t\t\t\t<div class=\"elementor-widget-container\">\n\t\t\t<h2 class=\"elementor-heading-title elementor-size-default\">We're here to listen to you! Whether to answer questions, receive feedback or provide additional information about our natural products, our team is always ready to help. Fill in the form below, and together we'll continue to build a more natural and sustainable world for your beloved pets.<\/h2>\t\t<\/div>\n\t\t\t\t<\/div>\n\t\t\t\t<div class=\"elementor-element elementor-element-da03e6a elementor-widget elementor-widget-image\" data-id=\"da03e6a\" data-element_type=\"widget\" data-widget_type=\"image.default\">\n\t\t\t\t<div class=\"elementor-widget-container\">\n\t\t\t<style>\/*! elementor - v3.22.0 - 26-06-2024 *\/\n.elementor-widget-image{text-align:center}.elementor-widget-image a{display:inline-block}.elementor-widget-image a img[src$=\".svg\"]{width:48px}.elementor-widget-image img{vertical-align:middle;display:inline-block}<\/style>\t\t\t\t\t\t\t\t\t\t<img fetchpriority=\"high\" decoding=\"async\" width=\"843\" height=\"474\" src=\"https:\/\/trigato.com.br\/wp-content\/uploads\/2024\/02\/gato-siames-1024x576.jpg\" class=\"attachment-large size-large wp-image-10599\" alt=\"\" srcset=\"https:\/\/trigato.com.br\/wp-content\/uploads\/2024\/02\/gato-siames-1024x576.jpg 1024w, https:\/\/trigato.com.br\/wp-content\/uploads\/2024\/02\/gato-siames-600x338.jpg 600w, https:\/\/trigato.com.br\/wp-content\/uploads\/2024\/02\/gato-siames-300x169.jpg 300w, https:\/\/trigato.com.br\/wp-content\/uploads\/2024\/02\/gato-siames-768x432.jpg 768w, https:\/\/trigato.com.br\/wp-content\/uploads\/2024\/02\/gato-siames.jpg 1200w\" sizes=\"(max-width: 843px) 100vw, 843px\" \/>\t\t\t\t\t\t\t\t\t\t\t\t\t<\/div>\n\t\t\t\t<\/div>\n\t\t\t\t\t<\/div>\n\t\t<\/div>\n\t\t\t\t<div class=\"elementor-column elementor-col-50 elementor-top-column elementor-element elementor-element-09e874f\" data-id=\"09e874f\" data-element_type=\"column\">\n\t\t\t<div class=\"elementor-widget-wrap elementor-element-populated\">\n\t\t\t\t\t\t<div class=\"elementor-element elementor-element-c14a691 elementor-widget elementor-widget-mt-spacer\" data-id=\"c14a691\" data-element_type=\"widget\" data-widget_type=\"mt-spacer.default\">\n\t\t\t\t<div class=\"elementor-widget-container\">\n\t\t\t    <div class=\"mt-addons-flexible-spacer\">\n      <div class=\"mt-addons-empty-spacer-desktop\" style=\"height: 65px;\"><\/div>\n      <div class=\"mt-addons-empty-spacer-mobile\" style=\"height: 20px;\"><\/div>\n      <div class=\"mt-addons-empty-spacer-tablet\" style=\"height: 0px;\"><\/div>\n    <\/div>\n   \n    \t\t<\/div>\n\t\t\t\t<\/div>\n\t\t\t\t<div class=\"elementor-element elementor-element-4b5d019 elementor-widget elementor-widget-mt-spacer\" data-id=\"4b5d019\" data-element_type=\"widget\" data-widget_type=\"mt-spacer.default\">\n\t\t\t\t<div class=\"elementor-widget-container\">\n\t\t\t    <div class=\"mt-addons-flexible-spacer\">\n      <div class=\"mt-addons-empty-spacer-desktop\" style=\"height: 40px;\"><\/div>\n      <div class=\"mt-addons-empty-spacer-mobile\" style=\"height: 30px;\"><\/div>\n      <div class=\"mt-addons-empty-spacer-tablet\" style=\"height: 0px;\"><\/div>\n    <\/div>\n   \n    \t\t<\/div>\n\t\t\t\t<\/div>\n\t\t\t\t<div class=\"elementor-element elementor-element-53d8bbb mt-epicpaws-contact elementor-widget elementor-widget-mt-contact-form\" data-id=\"53d8bbb\" data-element_type=\"widget\" data-widget_type=\"mt-contact-form.default\">\n\t\t\t\t<div class=\"elementor-widget-container\">\n\t\t\t\n    <div class=\"mt-addons-contact-form      mt-addons_contact-form--theme_default\" id=\"mt-addons-uniqid-69eb83c6a5df1\">\n      \n<div class=\"wpcf7 no-js\" id=\"wpcf7-f3057-o1\" lang=\"en-US\" dir=\"ltr\">\n<div class=\"screen-reader-response\"><p role=\"status\" aria-live=\"polite\" aria-atomic=\"true\"><\/p> <ul><\/ul><\/div>\n<form action=\"\/en\/wp-json\/wp\/v2\/pages\/10839#wpcf7-f3057-o1\" method=\"post\" class=\"wpcf7-form init\" aria-label=\"Contact form\" novalidate=\"novalidate\" data-status=\"init\" data-trp-original-action=\"\/en\/wp-json\/wp\/v2\/pages\/10839#wpcf7-f3057-o1\">\n<div style=\"display: none;\">\n<input type=\"hidden\" name=\"_wpcf7\" value=\"3057\" \/>\n<input type=\"hidden\" name=\"_wpcf7_version\" value=\"5.9.6\" \/>\n<input type=\"hidden\" name=\"_wpcf7_locale\" value=\"en_US\" \/>\n<input type=\"hidden\" name=\"_wpcf7_unit_tag\" value=\"wpcf7-f3057-o1\" \/>\n<input type=\"hidden\" name=\"_wpcf7_container_post\" value=\"0\" \/>\n<input type=\"hidden\" name=\"_wpcf7_posted_data_hash\" value=\"\" \/>\n<\/div>\n<div class=\"epicpaws-contact container\">\n\t<div class=\"row\">\n\t\t<p class=\"col-md-4 col-sm-12 col-12\"><span class=\"wpcf7-form-control-wrap\" data-name=\"fullname\"><input size=\"40\" maxlength=\"80\" class=\"wpcf7-form-control wpcf7-text wpcf7-validates-as-required\" aria-required=\"true\" aria-invalid=\"false\" placeholder=\"Name*\" value=\"\" type=\"text\" name=\"fullname\" \/><\/span>\n\t\t<\/p>\n\t\t<p class=\"col-md-4 col-sm-12 col-12\"><span class=\"wpcf7-form-control-wrap\" data-name=\"email-651\"><input size=\"40\" maxlength=\"80\" class=\"wpcf7-form-control wpcf7-email wpcf7-validates-as-required wpcf7-text wpcf7-validates-as-email\" aria-required=\"true\" aria-invalid=\"false\" placeholder=\"E-mail*\" value=\"\" type=\"email\" name=\"email-651\" \/><\/span>\n\t\t<\/p>\n\t\t<p class=\"col-md-4 col-sm-12 col-12\"><span class=\"wpcf7-form-control-wrap\" data-name=\"subject\"><input size=\"40\" maxlength=\"80\" class=\"wpcf7-form-control wpcf7-text wpcf7-validates-as-required\" aria-required=\"true\" aria-invalid=\"false\" placeholder=\"Topic*\" value=\"\" type=\"text\" name=\"subject\" \/><\/span>\n\t\t<\/p>\n\t\t<p class=\"col-md-12 col-sm-12 col-12 m-0\"><br \/>\n<span class=\"wpcf7-form-control-wrap\" data-name=\"message\"><textarea cols=\"40\" rows=\"10\" maxlength=\"400\" class=\"wpcf7-form-control wpcf7-textarea wpcf7-validates-as-required\" aria-required=\"true\" aria-invalid=\"false\" placeholder=\"Your message*\" name=\"message\"><\/textarea><\/span>\n\t\t<\/p>\n\t<\/div>\n\t<div class=\"row\">\n\t\t<div class=\"col-12 text-left\">\n\t\t\t<div class=\"d-flex flex-column\">\n\t\t\t\t<p><input class=\"wpcf7-form-control wpcf7-submit has-spinner\" type=\"submit\" value=\"Send\" \/>\n\t\t\t\t<\/p>\n\t\t\t<\/div>\n\t\t<\/div>\n\t<\/div>\n<\/div><div class=\"wpcf7-response-output\" aria-hidden=\"true\"><\/div>\n<input type=\"hidden\" name=\"trp-form-language\" value=\"en\"\/><\/form>\n<\/div>\n    <\/div>\n\n        \t\t<\/div>\n\t\t\t\t<\/div>\n\t\t\t\t\t<\/div>\n\t\t<\/div>\n\t\t\t\t\t<\/div>\n\t\t<\/section>\n\t\t\t\t<section class=\"elementor-section elementor-top-section elementor-element elementor-element-8e9436e elementor-section-stretched elementor-hidden-desktop elementor-hidden-tablet elementor-section-boxed elementor-section-height-default elementor-section-height-default\" data-id=\"8e9436e\" data-element_type=\"section\" data-settings=\"{&quot;stretch_section&quot;:&quot;section-stretched&quot;,&quot;background_background&quot;:&quot;classic&quot;}\">\n\t\t\t\t\t\t<div class=\"elementor-container elementor-column-gap-default\">\n\t\t\t\t\t<div class=\"elementor-column elementor-col-50 elementor-top-column elementor-element elementor-element-1a60621\" data-id=\"1a60621\" data-element_type=\"column\">\n\t\t\t<div class=\"elementor-widget-wrap elementor-element-populated\">\n\t\t\t\t\t\t<div class=\"elementor-element elementor-element-7373e3c elementor-widget elementor-widget-mt-spacer\" data-id=\"7373e3c\" data-element_type=\"widget\" data-widget_type=\"mt-spacer.default\">\n\t\t\t\t<div class=\"elementor-widget-container\">\n\t\t\t    <div class=\"mt-addons-flexible-spacer\">\n      <div class=\"mt-addons-empty-spacer-desktop\" style=\"height: 30px;\"><\/div>\n      <div class=\"mt-addons-empty-spacer-mobile\" style=\"height: 20px;\"><\/div>\n      <div class=\"mt-addons-empty-spacer-tablet\" style=\"height: 18px;\"><\/div>\n    <\/div>\n   \n    \t\t<\/div>\n\t\t\t\t<\/div>\n\t\t\t\t<div class=\"elementor-element elementor-element-342812b elementor-widget elementor-widget-heading\" data-id=\"342812b\" data-element_type=\"widget\" data-widget_type=\"heading.default\">\n\t\t\t\t<div class=\"elementor-widget-container\">\n\t\t\t<h2 class=\"elementor-heading-title elementor-size-default\">Get in touch with us!<\/h2>\t\t<\/div>\n\t\t\t\t<\/div>\n\t\t\t\t<div class=\"elementor-element elementor-element-eb36ff5 elementor-widget elementor-widget-heading\" data-id=\"eb36ff5\" data-element_type=\"widget\" data-widget_type=\"heading.default\">\n\t\t\t\t<div class=\"elementor-widget-container\">\n\t\t\t<h6 class=\"elementor-heading-title elementor-size-default\">We're here to listen to you! Whether to answer questions, receive feedback or provide additional information about our natural products, our team is always ready to help. Fill in the form below, and together we'll continue to build a more natural and sustainable world for your beloved pets.<\/h6>\t\t<\/div>\n\t\t\t\t<\/div>\n\t\t\t\t<div class=\"elementor-element elementor-element-df88c20 elementor-widget elementor-widget-image\" data-id=\"df88c20\" data-element_type=\"widget\" data-widget_type=\"image.default\">\n\t\t\t\t<div class=\"elementor-widget-container\">\n\t\t\t\t\t\t\t\t\t\t\t\t\t<img fetchpriority=\"high\" decoding=\"async\" width=\"843\" height=\"474\" src=\"https:\/\/trigato.com.br\/wp-content\/uploads\/2024\/02\/gato-siames-1024x576.jpg\" class=\"attachment-large size-large wp-image-10599\" alt=\"\" srcset=\"https:\/\/trigato.com.br\/wp-content\/uploads\/2024\/02\/gato-siames-1024x576.jpg 1024w, https:\/\/trigato.com.br\/wp-content\/uploads\/2024\/02\/gato-siames-600x338.jpg 600w, https:\/\/trigato.com.br\/wp-content\/uploads\/2024\/02\/gato-siames-300x169.jpg 300w, https:\/\/trigato.com.br\/wp-content\/uploads\/2024\/02\/gato-siames-768x432.jpg 768w, https:\/\/trigato.com.br\/wp-content\/uploads\/2024\/02\/gato-siames.jpg 1200w\" sizes=\"(max-width: 843px) 100vw, 843px\" \/>\t\t\t\t\t\t\t\t\t\t\t\t\t<\/div>\n\t\t\t\t<\/div>\n\t\t\t\t\t<\/div>\n\t\t<\/div>\n\t\t\t\t<div class=\"elementor-column elementor-col-50 elementor-top-column elementor-element elementor-element-41675ee\" data-id=\"41675ee\" data-element_type=\"column\">\n\t\t\t<div class=\"elementor-widget-wrap elementor-element-populated\">\n\t\t\t\t\t\t<div class=\"elementor-element elementor-element-d553e29 elementor-widget elementor-widget-mt-spacer\" data-id=\"d553e29\" data-element_type=\"widget\" data-widget_type=\"mt-spacer.default\">\n\t\t\t\t<div class=\"elementor-widget-container\">\n\t\t\t    <div class=\"mt-addons-flexible-spacer\">\n      <div class=\"mt-addons-empty-spacer-desktop\" style=\"height: 65px;\"><\/div>\n      <div class=\"mt-addons-empty-spacer-mobile\" style=\"height: 20px;\"><\/div>\n      <div class=\"mt-addons-empty-spacer-tablet\" style=\"height: 0px;\"><\/div>\n    <\/div>\n   \n    \t\t<\/div>\n\t\t\t\t<\/div>\n\t\t\t\t<div class=\"elementor-element elementor-element-8868163 elementor-widget elementor-widget-mt-spacer\" data-id=\"8868163\" data-element_type=\"widget\" data-widget_type=\"mt-spacer.default\">\n\t\t\t\t<div class=\"elementor-widget-container\">\n\t\t\t    <div class=\"mt-addons-flexible-spacer\">\n      <div class=\"mt-addons-empty-spacer-desktop\" style=\"height: 40px;\"><\/div>\n      <div class=\"mt-addons-empty-spacer-mobile\" style=\"height: 30px;\"><\/div>\n      <div class=\"mt-addons-empty-spacer-tablet\" style=\"height: 0px;\"><\/div>\n    <\/div>\n   \n    \t\t<\/div>\n\t\t\t\t<\/div>\n\t\t\t\t<div class=\"elementor-element elementor-element-88fb8da mt-epicpaws-contact elementor-widget elementor-widget-mt-contact-form\" data-id=\"88fb8da\" data-element_type=\"widget\" data-widget_type=\"mt-contact-form.default\">\n\t\t\t\t<div class=\"elementor-widget-container\">\n\t\t\t\n    <div class=\"mt-addons-contact-form      mt-addons_contact-form--theme_default\" id=\"mt-addons-uniqid-69eb83c6a8b86\">\n      \n<div class=\"wpcf7 no-js\" id=\"wpcf7-f3057-o2\" lang=\"en-US\" dir=\"ltr\">\n<div class=\"screen-reader-response\"><p role=\"status\" aria-live=\"polite\" aria-atomic=\"true\"><\/p> <ul><\/ul><\/div>\n<form action=\"\/en\/wp-json\/wp\/v2\/pages\/10839#wpcf7-f3057-o2\" method=\"post\" class=\"wpcf7-form init\" aria-label=\"Contact form\" novalidate=\"novalidate\" data-status=\"init\" data-trp-original-action=\"\/en\/wp-json\/wp\/v2\/pages\/10839#wpcf7-f3057-o2\">\n<div style=\"display: none;\">\n<input type=\"hidden\" name=\"_wpcf7\" value=\"3057\" \/>\n<input type=\"hidden\" name=\"_wpcf7_version\" value=\"5.9.6\" \/>\n<input type=\"hidden\" name=\"_wpcf7_locale\" value=\"en_US\" \/>\n<input type=\"hidden\" name=\"_wpcf7_unit_tag\" value=\"wpcf7-f3057-o2\" \/>\n<input type=\"hidden\" name=\"_wpcf7_container_post\" value=\"0\" \/>\n<input type=\"hidden\" name=\"_wpcf7_posted_data_hash\" value=\"\" \/>\n<\/div>\n<div class=\"epicpaws-contact container\">\n\t<div class=\"row\">\n\t\t<p class=\"col-md-4 col-sm-12 col-12\"><span class=\"wpcf7-form-control-wrap\" data-name=\"fullname\"><input size=\"40\" maxlength=\"80\" class=\"wpcf7-form-control wpcf7-text wpcf7-validates-as-required\" aria-required=\"true\" aria-invalid=\"false\" placeholder=\"Name*\" value=\"\" type=\"text\" name=\"fullname\" \/><\/span>\n\t\t<\/p>\n\t\t<p class=\"col-md-4 col-sm-12 col-12\"><span class=\"wpcf7-form-control-wrap\" data-name=\"email-651\"><input size=\"40\" maxlength=\"80\" class=\"wpcf7-form-control wpcf7-email wpcf7-validates-as-required wpcf7-text wpcf7-validates-as-email\" aria-required=\"true\" aria-invalid=\"false\" placeholder=\"E-mail*\" value=\"\" type=\"email\" name=\"email-651\" \/><\/span>\n\t\t<\/p>\n\t\t<p class=\"col-md-4 col-sm-12 col-12\"><span class=\"wpcf7-form-control-wrap\" data-name=\"subject\"><input size=\"40\" maxlength=\"80\" class=\"wpcf7-form-control wpcf7-text wpcf7-validates-as-required\" aria-required=\"true\" aria-invalid=\"false\" placeholder=\"Topic*\" value=\"\" type=\"text\" name=\"subject\" \/><\/span>\n\t\t<\/p>\n\t\t<p class=\"col-md-12 col-sm-12 col-12 m-0\"><br \/>\n<span class=\"wpcf7-form-control-wrap\" data-name=\"message\"><textarea cols=\"40\" rows=\"10\" maxlength=\"400\" class=\"wpcf7-form-control wpcf7-textarea wpcf7-validates-as-required\" aria-required=\"true\" aria-invalid=\"false\" placeholder=\"Your message*\" name=\"message\"><\/textarea><\/span>\n\t\t<\/p>\n\t<\/div>\n\t<div class=\"row\">\n\t\t<div class=\"col-12 text-left\">\n\t\t\t<div class=\"d-flex flex-column\">\n\t\t\t\t<p><input class=\"wpcf7-form-control wpcf7-submit has-spinner\" type=\"submit\" value=\"Send\" \/>\n\t\t\t\t<\/p>\n\t\t\t<\/div>\n\t\t<\/div>\n\t<\/div>\n<\/div><div class=\"wpcf7-response-output\" aria-hidden=\"true\"><\/div>\n<input type=\"hidden\" name=\"trp-form-language\" value=\"en\"\/><\/form>\n<\/div>\n    <\/div>\n\n        \t\t<\/div>\n\t\t\t\t<\/div>\n\t\t\t\t\t<\/div>\n\t\t<\/div>\n\t\t\t\t\t<\/div>\n\t\t<\/section>\n\t\t\t\t<\/div>","protected":false},"excerpt":{"rendered":"<p>Entre em contato conosco! Estamos aqui para ouvir voc\u00ea! Seja para esclarecer d\u00favidas, receber feedback ou fornecer informa\u00e7\u00f5es adicionais sobre nossos produtos naturais, nossa equipe est\u00e1 pronta para ajudar. Preencha o formul\u00e1rio abaixo, e juntos, continuaremos a construir um mundo mais natural e sustent\u00e1vel para seus queridos pets. Entre em contato conosco! Estamos aqui para [&hellip;]<\/p>","protected":false},"author":1,"featured_media":0,"parent":0,"menu_order":0,"comment_status":"closed","ping_status":"closed","template":"","meta":{"inline_featured_image":false,"footnotes":""},"_links":{"self":[{"href":"https:\/\/trigato.com.br\/en\/wp-json\/wp\/v2\/pages\/10839"}],"collection":[{"href":"https:\/\/trigato.com.br\/en\/wp-json\/wp\/v2\/pages"}],"about":[{"href":"https:\/\/trigato.com.br\/en\/wp-json\/wp\/v2\/types\/page"}],"author":[{"embeddable":true,"href":"https:\/\/trigato.com.br\/en\/wp-json\/wp\/v2\/users\/1"}],"replies":[{"embeddable":true,"href":"https:\/\/trigato.com.br\/en\/wp-json\/wp\/v2\/comments?post=10839"}],"version-history":[{"count":0,"href":"https:\/\/trigato.com.br\/en\/wp-json\/wp\/v2\/pages\/10839\/revisions"}],"wp:attachment":[{"href":"https:\/\/trigato.com.br\/en\/wp-json\/wp\/v2\/media?parent=10839"}],"curies":[{"name":"wp","href":"https:\/\/api.w.org\/{rel}","templated":true}]}}